{"id":1829,"date":"2019-07-11T09:17:04","date_gmt":"2019-07-11T09:17:04","guid":{"rendered":"https:\/\/powerlift.qodeinteractive.com\/elementor\/?page_id=1829"},"modified":"2025-06-09T16:58:35","modified_gmt":"2025-06-09T16:58:35","slug":"aefingar","status":"publish","type":"page","link":"https:\/\/umfneisti.is\/index.php\/aefingar\/","title":{"rendered":"\u00e6fingar"},"content":{"rendered":"\t\t<div data-elementor-type=\"wp-page\" data-elementor-id=\"1829\" class=\"elementor elementor-1829\">\n\t\t\t\t\t\t<section class=\"elementor-section elementor-top-section elementor-element elementor-element-5126125 elementor-section-boxed elementor-section-height-default elementor-section-height-default mkdf-parallax-row-no mkdf-content-aligment-left mkdf-elementor-row-grid-no mkdf-disabled-bg-image-bellow-no mkdf-row-btt-light\" data-id=\"5126125\" data-element_type=\"section\" data-e-type=\"section\">\n\t\t\t\t\t\t<div class=\"elementor-container elementor-column-gap-default\">\n\t\t\t\t\t<div class=\"elementor-column elementor-col-100 elementor-top-column elementor-element elementor-element-376bd7d\" data-id=\"376bd7d\" data-element_type=\"column\" data-e-type=\"column\">\n\t\t\t<div class=\"elementor-widget-wrap\">\n\t\t\t\t\t\t\t<\/div>\n\t\t<\/div>\n\t\t\t\t\t<\/div>\n\t\t<\/section>\n\t\t<div class=\"mkdf-elementor-row mkdf-row-with-bg-text\" style=\"\">\t\t<section class=\"elementor-section elementor-top-section elementor-element elementor-element-1300cfe6 mkdf-elementor-row-grid-section elementor-section-boxed elementor-section-height-default elementor-section-height-default mkdf-parallax-row-no mkdf-content-aligment-left mkdf-disabled-bg-image-bellow-no mkdf-row-btt-light\" data-id=\"1300cfe6\" data-element_type=\"section\" data-e-type=\"section\" data-settings=\"{&quot;background_background&quot;:&quot;classic&quot;}\">\n\t\t\t\t\t\t<div class=\"elementor-container elementor-column-gap-default\">\n\t\t\t\t\t<div class=\"elementor-column elementor-col-100 elementor-top-column elementor-element elementor-element-1c63c2fa\" data-id=\"1c63c2fa\" data-element_type=\"column\" data-e-type=\"column\">\n\t\t\t<div class=\"elementor-widget-wrap elementor-element-populated\">\n\t\t\t\t\t\t<div class=\"elementor-element elementor-element-11fe55d6 elementor-widget elementor-widget-mkdf_section_title\" data-id=\"11fe55d6\" data-element_type=\"widget\" data-e-type=\"widget\" data-widget_type=\"mkdf_section_title.default\">\n\t\t\t\t<div class=\"elementor-widget-container\">\n\t\t\t\t\t\n<div class=\"mkdf-section-title-holder  \" style=\"padding: 0 12%;text-align: center\">\n\t<div class=\"mkdf-st-inner\">\n\t\t\t\t\t<h1 class=\"mkdf-st-title\" style=\"color: #006CB7\">\n\t\t\t\t\t\t\t\t\u00c6fingatafla\t\t\t<\/h1>\n\t\t\t\t\t\t\t<\/div>\n<\/div>\t\t\t\t<\/div>\n\t\t\t\t<\/div>\n\t\t\t\t<div class=\"elementor-element elementor-element-c17a903 elementor-widget elementor-widget-mkdf_button\" data-id=\"c17a903\" data-element_type=\"widget\" data-e-type=\"widget\" data-widget_type=\"mkdf_button.default\">\n\t\t\t\t<div class=\"elementor-widget-container\">\n\t\t\t\t\t<div class=\"mkdf-btn-outer-holder mkdf-btn-outer-solid mkdf-btn-outer-huge\" >\n    <a itemprop=\"url\" href=\"https:\/\/www.sportabler.com\/shop\/umfneistidjup\" target=\"_blank\" style=\"font-weight: 700;text-transform: uppercase\" class=\"mkdf-btn mkdf-btn-huge mkdf-btn-solid\"  0=\"font-weight: 700\" 1=\"text-transform: uppercase\">\n        <span class=\"mkdf-btn-text\">Skr\u00e1ning<\/span>\n            <\/a>\n    <div class=\"mkdf-btn-top-line\" ><\/div>\n    <div class=\"mkdf-btn-right-line\" ><\/div>\n    <div class=\"mkdf-btn-bottom-line\" ><\/div>\n    <div class=\"mkdf-btn-left-line\" ><\/div>\n<\/div>\t\t\t\t<\/div>\n\t\t\t\t<\/div>\n\t\t\t\t\t<\/div>\n\t\t<\/div>\n\t\t\t\t\t<\/div>\n\t\t<\/section>\n\t\t<div class=\"mkdf-row-background-text-holder\"><div class=\"mkdf-row-background-text-wrapper  mkdf-row-background-text-vertical mkdf-row-background-text-animation mkdf-row-background-text-align-left\"><div class=\"mkdf-row-background-text-wrapper-inner\" style=\"font-size:190px;text-align:left\" data-font-size-1440=140px><div class=\"mkdf-row-background-text-1\" style=\"-webkit-text-stroke-color: \"><\/div><div class=\"mkdf-row-background-text-2\" style=\"-webkit-text-stroke-color: \">\u00e6fingar<\/div><\/div><\/div><\/div><\/div>\t\t<section class=\"elementor-section elementor-top-section elementor-element elementor-element-4da69b9 elementor-section-boxed elementor-section-height-default elementor-section-height-default mkdf-parallax-row-no mkdf-content-aligment-left mkdf-elementor-row-grid-no mkdf-disabled-bg-image-bellow-no mkdf-row-btt-light\" data-id=\"4da69b9\" data-element_type=\"section\" data-e-type=\"section\">\n\t\t\t\t\t\t<div class=\"elementor-container elementor-column-gap-default\">\n\t\t\t\t\t<div class=\"elementor-column elementor-col-100 elementor-top-column elementor-element elementor-element-4450a1b\" data-id=\"4450a1b\" data-element_type=\"column\" data-e-type=\"column\">\n\t\t\t<div class=\"elementor-widget-wrap elementor-element-populated\">\n\t\t\t\t\t\t<div class=\"elementor-element elementor-element-d32b369 elementor-widget elementor-widget-image\" data-id=\"d32b369\" data-element_type=\"widget\" data-e-type=\"widget\" data-widget_type=\"image.default\">\n\t\t\t\t<div class=\"elementor-widget-container\">\n\t\t\t\t\t\t\t\t\t\t\t\t\t\t\t<img fetchpriority=\"high\" decoding=\"async\" width=\"1024\" height=\"680\" src=\"https:\/\/umfneisti.is\/wp-content\/uploads\/2025\/06\/Screenshot-2025-06-09-at-14.34.34-1024x680.png\" class=\"attachment-large size-large wp-image-4898\" alt=\"\" srcset=\"https:\/\/umfneisti.is\/wp-content\/uploads\/2025\/06\/Screenshot-2025-06-09-at-14.34.34-1024x680.png 1024w, https:\/\/umfneisti.is\/wp-content\/uploads\/2025\/06\/Screenshot-2025-06-09-at-14.34.34-300x199.png 300w, https:\/\/umfneisti.is\/wp-content\/uploads\/2025\/06\/Screenshot-2025-06-09-at-14.34.34-768x510.png 768w, https:\/\/umfneisti.is\/wp-content\/uploads\/2025\/06\/Screenshot-2025-06-09-at-14.34.34-1536x1020.png 1536w\" sizes=\"(max-width: 1024px) 100vw, 1024px\" \/>\t\t\t\t\t\t\t\t\t\t\t\t\t\t\t<\/div>\n\t\t\t\t<\/div>\n\t\t\t\t\t<\/div>\n\t\t<\/div>\n\t\t\t\t\t<\/div>\n\t\t<\/section>\n\t\t\t\t<section class=\"elementor-section elementor-top-section elementor-element elementor-element-83ef224 elementor-section-boxed elementor-section-height-default elementor-section-height-default mkdf-parallax-row-no mkdf-content-aligment-left mkdf-elementor-row-grid-no mkdf-disabled-bg-image-bellow-no mkdf-row-btt-light\" data-id=\"83ef224\" data-element_type=\"section\" data-e-type=\"section\">\n\t\t\t\t\t\t<div class=\"elementor-container elementor-column-gap-default\">\n\t\t\t\t\t<div class=\"elementor-column elementor-col-100 elementor-top-column elementor-element elementor-element-9e8572d\" data-id=\"9e8572d\" data-element_type=\"column\" data-e-type=\"column\">\n\t\t\t<div class=\"elementor-widget-wrap\">\n\t\t\t\t\t\t\t<\/div>\n\t\t<\/div>\n\t\t\t\t\t<\/div>\n\t\t<\/section>\n\t\t\t\t<section class=\"elementor-section elementor-top-section elementor-element elementor-element-2427f94 elementor-section-boxed elementor-section-height-default elementor-section-height-default mkdf-parallax-row-no mkdf-content-aligment-left mkdf-elementor-row-grid-no mkdf-disabled-bg-image-bellow-no mkdf-row-btt-light\" data-id=\"2427f94\" data-element_type=\"section\" data-e-type=\"section\">\n\t\t\t\t\t\t<div class=\"elementor-container elementor-column-gap-default\">\n\t\t\t\t\t<div class=\"elementor-column elementor-col-100 elementor-top-column elementor-element elementor-element-9319d86\" data-id=\"9319d86\" data-element_type=\"column\" data-e-type=\"column\">\n\t\t\t<div class=\"elementor-widget-wrap elementor-element-populated\">\n\t\t\t\t\t\t<div class=\"elementor-element elementor-element-10ad327 elementor-widget elementor-widget-text-editor\" data-id=\"10ad327\" data-element_type=\"widget\" data-e-type=\"widget\" data-widget_type=\"text-editor.default\">\n\t\t\t\t<div class=\"elementor-widget-container\">\n\t\t\t\t\t\t\t\t\t<p>Auk \u00feess ver\u00f0ur farand\u00fej\u00e1lfari \u00e1 vegum U\u00cdA hj\u00e1 okkur \u00e1 mi\u00f0vikud\u00f6gum kl. 12:30 &#8211; 13:30 fyrir b\u00f6rn \u00e1 aldrinum 6-12 \u00e1ra. Hvetjum alla til a\u00f0 m\u00e6ta og vera me\u00f0. \u00dearf ekki a\u00f0 skr\u00e1 \u00ed \u00feessa t\u00edma en skr\u00e1ningar \u00ed f\u00f3tbolta fara fram \u00e1 Sportabler.\u00a0<\/p>\t\t\t\t\t\t\t\t<\/div>\n\t\t\t\t<\/div>\n\t\t\t\t\t<\/div>\n\t\t<\/div>\n\t\t\t\t\t<\/div>\n\t\t<\/section>\n\t\t\t\t<\/div>\n\t\t","protected":false},"excerpt":{"rendered":"<p>\u00c6fingatafla Skr\u00e1ning Auk \u00feess ver\u00f0ur farand\u00fej\u00e1lfari \u00e1 vegum U\u00cdA hj\u00e1 okkur \u00e1 mi\u00f0vikud\u00f6gum kl. 12:30 &#8211; 13:30 fyrir b\u00f6rn \u00e1 aldrinum 6-12 \u00e1ra. Hvetjum alla til a\u00f0 m\u00e6ta og vera me\u00f0. \u00dearf ekki a\u00f0 skr\u00e1 \u00ed \u00feessa t\u00edma en skr\u00e1ningar [&hellip;]<\/p>\n","protected":false},"author":1,"featured_media":0,"parent":0,"menu_order":0,"comment_status":"closed","ping_status":"closed","template":"elementor_canvas","meta":{"footnotes":""},"class_list":["post-1829","page","type-page","status-publish","hentry"],"_links":{"self":[{"href":"https:\/\/umfneisti.is\/index.php\/wp-json\/wp\/v2\/pages\/1829","targetHints":{"allow":["GET"]}}],"collection":[{"href":"https:\/\/umfneisti.is\/index.php\/wp-json\/wp\/v2\/pages"}],"about":[{"href":"https:\/\/umfneisti.is\/index.php\/wp-json\/wp\/v2\/types\/page"}],"author":[{"embeddable":true,"href":"https:\/\/umfneisti.is\/index.php\/wp-json\/wp\/v2\/users\/1"}],"replies":[{"embeddable":true,"href":"https:\/\/umfneisti.is\/index.php\/wp-json\/wp\/v2\/comments?post=1829"}],"version-history":[{"count":62,"href":"https:\/\/umfneisti.is\/index.php\/wp-json\/wp\/v2\/pages\/1829\/revisions"}],"predecessor-version":[{"id":4930,"href":"https:\/\/umfneisti.is\/index.php\/wp-json\/wp\/v2\/pages\/1829\/revisions\/4930"}],"wp:attachment":[{"href":"https:\/\/umfneisti.is\/index.php\/wp-json\/wp\/v2\/media?parent=1829"}],"curies":[{"name":"wp","href":"https:\/\/api.w.org\/{rel}","templated":true}]}}