{"id":890,"date":"2019-06-24T13:56:21","date_gmt":"2019-06-24T13:56:21","guid":{"rendered":"https:\/\/powerlift.qodeinteractive.com\/elementor\/?page_id=890"},"modified":"2025-06-09T16:16:30","modified_gmt":"2025-06-09T16:16:30","slug":"blog-masonry","status":"publish","type":"page","link":"https:\/\/umfneisti.is\/index.php\/blog\/blog-masonry\/","title":{"rendered":"fr\u00e9ttir"},"content":{"rendered":"\n<p>H\u00e9r m\u00e1 sj\u00e1 allt \u00fea\u00f0 n\u00fdjasta og merkilegasta sem er \u00ed gangi hj\u00e1 Neista hverju sinni. Vi\u00f0 hvetjum alla til a\u00f0 vera duglegir a\u00f0 fylgjast me\u00f0 og svo m\u00e1 alltaf senda till\u00f6gur af efni fyrir s\u00ed\u00f0una og myndir.<\/p>\n","protected":false},"excerpt":{"rendered":"<p>H\u00e9r m\u00e1 sj\u00e1 allt \u00fea\u00f0 n\u00fdjasta og merkilegasta sem er \u00ed gangi hj\u00e1 Neista hverju sinni. Vi\u00f0 hvetjum alla til a\u00f0 vera duglegir a\u00f0 fylgjast me\u00f0 og svo m\u00e1 alltaf senda till\u00f6gur af efni fyrir s\u00ed\u00f0una og myndir.<\/p>\n","protected":false},"author":1,"featured_media":0,"parent":777,"menu_order":0,"comment_status":"closed","ping_status":"closed","template":"blog-masonry","meta":{"footnotes":""},"class_list":["post-890","page","type-page","status-publish","hentry"],"_links":{"self":[{"href":"https:\/\/umfneisti.is\/index.php\/wp-json\/wp\/v2\/pages\/890","targetHints":{"allow":["GET"]}}],"collection":[{"href":"https:\/\/umfneisti.is\/index.php\/wp-json\/wp\/v2\/pages"}],"about":[{"href":"https:\/\/umfneisti.is\/index.php\/wp-json\/wp\/v2\/types\/page"}],"author":[{"embeddable":true,"href":"https:\/\/umfneisti.is\/index.php\/wp-json\/wp\/v2\/users\/1"}],"replies":[{"embeddable":true,"href":"https:\/\/umfneisti.is\/index.php\/wp-json\/wp\/v2\/comments?post=890"}],"version-history":[{"count":5,"href":"https:\/\/umfneisti.is\/index.php\/wp-json\/wp\/v2\/pages\/890\/revisions"}],"predecessor-version":[{"id":4919,"href":"https:\/\/umfneisti.is\/index.php\/wp-json\/wp\/v2\/pages\/890\/revisions\/4919"}],"up":[{"embeddable":true,"href":"https:\/\/umfneisti.is\/index.php\/wp-json\/wp\/v2\/pages\/777"}],"wp:attachment":[{"href":"https:\/\/umfneisti.is\/index.php\/wp-json\/wp\/v2\/media?parent=890"}],"curies":[{"name":"wp","href":"https:\/\/api.w.org\/{rel}","templated":true}]}}